{"id":2113,"date":"2023-03-24T07:43:31","date_gmt":"2023-03-24T06:43:31","guid":{"rendered":"https:\/\/craftsmen.gmbh\/imprint\/"},"modified":"2024-06-20T11:25:20","modified_gmt":"2024-06-20T09:25:20","slug":"imprint","status":"publish","type":"page","link":"https:\/\/craftsmen.gmbh\/en\/imprint\/","title":{"rendered":"Imprint"},"content":{"rendered":"\t\t<div data-elementor-type=\"wp-page\" data-elementor-id=\"2113\" class=\"elementor elementor-2113 elementor-668\" data-elementor-post-type=\"page\">\n\t\t\t\t\t\t<section data-particle_enable=\"false\" data-particle-mobile-disabled=\"false\" class=\"elementor-section elementor-top-section elementor-element elementor-element-66696128 elementor-section-boxed elementor-section-height-default elementor-section-height-default\" data-id=\"66696128\" data-element_type=\"section\" data-e-type=\"section\">\n\t\t\t\t\t\t<div class=\"elementor-container elementor-column-gap-default\">\n\t\t\t\t\t<div class=\"elementor-column elementor-col-100 elementor-top-column elementor-element elementor-element-52fce461\" data-id=\"52fce461\" data-element_type=\"column\" data-e-type=\"column\">\n\t\t\t<div class=\"elementor-widget-wrap elementor-element-populated\">\n\t\t\t\t\t\t<div class=\"elementor-element elementor-element-46dec67f elementor-widget elementor-widget-heading\" data-id=\"46dec67f\" data-element_type=\"widget\" data-e-type=\"widget\" data-widget_type=\"heading.default\">\n\t\t\t\t<div class=\"elementor-widget-container\">\n\t\t\t\t\t<h1 class=\"elementor-heading-title elementor-size-default\">Imprint<\/h1>\t\t\t\t<\/div>\n\t\t\t\t<\/div>\n\t\t\t\t<div class=\"elementor-element elementor-element-245460fb elementor-widget-divider--view-line_icon elementor-view-default elementor-widget-divider--element-align-center elementor-widget elementor-widget-divider\" data-id=\"245460fb\" data-element_type=\"widget\" data-e-type=\"widget\" data-widget_type=\"divider.default\">\n\t\t\t\t<div class=\"elementor-widget-container\">\n\t\t\t\t\t\t\t<div class=\"elementor-divider\">\n\t\t\t<span class=\"elementor-divider-separator\">\n\t\t\t\t\t\t\t<div class=\"elementor-icon elementor-divider__element\">\n\t\t\t\t\t<i aria-hidden=\"true\" class=\"fas fa-wrench\"><\/i><\/div>\n\t\t\t\t\t\t<\/span>\n\t\t<\/div>\n\t\t\t\t\t\t<\/div>\n\t\t\t\t<\/div>\n\t\t\t\t<div class=\"elementor-element elementor-element-41785d4c elementor-widget elementor-widget-text-editor\" data-id=\"41785d4c\" data-element_type=\"widget\" data-e-type=\"widget\" data-widget_type=\"text-editor.default\">\n\t\t\t\t<div class=\"elementor-widget-container\">\n\t\t\t\t\t\t\t\t\t<p>Information according to \u00a7 5 TMG<\/p>\n\t\t\t\t\t\t\t\t<\/div>\n\t\t\t\t<\/div>\n\t\t\t\t\t<\/div>\n\t\t<\/div>\n\t\t\t\t\t<\/div>\n\t\t<\/section>\n\t\t\t\t<section data-particle_enable=\"false\" data-particle-mobile-disabled=\"false\" class=\"elementor-section elementor-top-section elementor-element elementor-element-18ac66c elementor-section-boxed elementor-section-height-default elementor-section-height-default\" data-id=\"18ac66c\" data-element_type=\"section\" data-e-type=\"section\">\n\t\t\t\t\t\t<div class=\"elementor-container elementor-column-gap-default\">\n\t\t\t\t\t<div class=\"elementor-column elementor-col-100 elementor-top-column elementor-element elementor-element-ea54a2e\" data-id=\"ea54a2e\" data-element_type=\"column\" data-e-type=\"column\">\n\t\t\t<div class=\"elementor-widget-wrap elementor-element-populated\">\n\t\t\t\t\t\t<div class=\"elementor-element elementor-element-fbe3fe5 elementor-widget elementor-widget-text-editor\" data-id=\"fbe3fe5\" data-element_type=\"widget\" data-e-type=\"widget\" data-widget_type=\"text-editor.default\">\n\t\t\t\t<div class=\"elementor-widget-container\">\n\t\t\t\t\t\t\t\t\t<div class=\"et_pb_module et_pb_text et_pb_text_1 et_pb_text_align_left et_pb_bg_layout_light\">\n<div class=\"et_pb_text_inner\">\n<p><strong><span dir=\"ltr\" role=\"presentation\">cpl craftsmen GmbH<\/span><\/strong><br role=\"presentation\"><span dir=\"ltr\" role=\"presentation\">D\u00fcneberger Strasse 83<\/span><br role=\"presentation\"><span dir=\"ltr\" role=\"presentation\">21502 Geesthacht<\/span><\/p>\n<p><span dir=\"ltr\" role=\"presentation\">Commercial register: HRB 19077 HL<\/span><br role=\"presentation\"><span dir=\"ltr\" role=\"presentation\">Register court: Local court L\u00fcbeck<\/span><\/p>\n<p><span dir=\"ltr\" role=\"presentation\">Represented by:<\/span><br role=\"presentation\"><span dir=\"ltr\" role=\"presentation\">Bj\u00f6rn Brakelmann<\/span><\/p>\n<p><span dir=\"ltr\" role=\"presentation\">Contact us<\/span><br role=\"presentation\"><span dir=\"ltr\" role=\"presentation\">Phone: +49 40 6077946-0<\/span><br role=\"presentation\"><span dir=\"ltr\" role=\"presentation\">E-mail: info@craftsmen.gmbh<\/span><\/p>\n<p><span dir=\"ltr\" role=\"presentation\">Sales tax ID<\/span><br role=\"presentation\"><span dir=\"ltr\" role=\"presentation\">Sales tax identification number according to \u00a7 27 a sales tax law:<\/span><br role=\"presentation\"><span dir=\"ltr\" role=\"presentation\">DE323371908<\/span><\/p>\n<p><span dir=\"ltr\" role=\"presentation\">Supervisory authority<\/span><br role=\"presentation\"><span dir=\"ltr\" role=\"presentation\">Employment Agency Kiel<\/span><br role=\"presentation\"><span dir=\"ltr\" role=\"presentation\">Adolf-Westphal-Strasse 2<\/span><br role=\"presentation\"><span dir=\"ltr\" role=\"presentation\">24143 Kiel<\/span><br role=\"presentation\"><span dir=\"ltr\" role=\"presentation\">https:\/\/www.arbeitsagentur.de\/vor-ort\/kiel\/startseite<\/span><\/p>\n<p><span dir=\"ltr\" role=\"presentation\">Editorially responsible<\/span><br role=\"presentation\"><span dir=\"ltr\" role=\"presentation\">Bj\u00f6rn Brakelmann<\/span><br role=\"presentation\"><span dir=\"ltr\" role=\"presentation\">D\u00fcneberger Strasse 83<\/span><br role=\"presentation\"><span dir=\"ltr\" role=\"presentation\">21502 Geesthacht<\/span><\/p>\n<p><span dir=\"ltr\" role=\"presentation\">EU dispute resolution<\/span><br role=\"presentation\"><span dir=\"ltr\" role=\"presentation\">The European Commission provides a platform for online dispute resolution (ODR): <\/span><span dir=\"ltr\" role=\"presentation\">https:\/\/ec.europa.eu\/consumers\/odr\/.<\/span><br role=\"presentation\"><span dir=\"ltr\" role=\"presentation\">You can find our e-mail address in the legal notice above.<\/span><\/p>\n<p><span dir=\"ltr\" role=\"presentation\">Consumer dispute resolution\/universal arbitration board<\/span><br role=\"presentation\"><span dir=\"ltr\" role=\"presentation\">We are not willing or obliged to participate in dispute resolution proceedings before a <\/span><span dir=\"ltr\" role=\"presentation\">consumer arbitration board.<\/span><\/p>\n<\/div>\n<\/div>\n\t\t\t\t\t\t\t\t<\/div>\n\t\t\t\t<\/div>\n\t\t\t\t\t<\/div>\n\t\t<\/div>\n\t\t\t\t\t<\/div>\n\t\t<\/section>\n\t\t\t\t<section data-particle_enable=\"false\" data-particle-mobile-disabled=\"false\" class=\"elementor-section elementor-top-section elementor-element elementor-element-2b37b7f elementor-section-boxed elementor-section-height-default elementor-section-height-default\" data-id=\"2b37b7f\" data-element_type=\"section\" data-e-type=\"section\" data-settings=\"{&quot;background_background&quot;:&quot;classic&quot;}\">\n\t\t\t\t\t\t<div class=\"elementor-container elementor-column-gap-default\">\n\t\t\t\t\t<div class=\"elementor-column elementor-col-100 elementor-top-column elementor-element elementor-element-a30b73a\" data-id=\"a30b73a\" data-element_type=\"column\" data-e-type=\"column\">\n\t\t\t<div class=\"elementor-widget-wrap elementor-element-populated\">\n\t\t\t\t\t\t<div class=\"elementor-element elementor-element-070c51e elementor-widget elementor-widget-template\" data-id=\"070c51e\" data-element_type=\"widget\" data-e-type=\"widget\" data-widget_type=\"template.default\">\n\t\t\t\t<div class=\"elementor-widget-container\">\n\t\t\t\t\t\t\t<div class=\"elementor-template\">\n\t\t\t\t\t<div data-elementor-type=\"section\" data-elementor-id=\"2440\" class=\"elementor elementor-2440 elementor-253 elementor-253\" data-elementor-post-type=\"elementor_library\">\n\t\t\t\t\t<section data-particle_enable=\"false\" data-particle-mobile-disabled=\"false\" class=\"elementor-section elementor-top-section elementor-element elementor-element-6d0351be elementor-section-boxed elementor-section-height-default elementor-section-height-default\" data-id=\"6d0351be\" data-element_type=\"section\" data-e-type=\"section\" data-settings=\"{&quot;background_background&quot;:&quot;classic&quot;}\">\n\t\t\t\t\t\t<div class=\"elementor-container elementor-column-gap-default\">\n\t\t\t\t\t<div class=\"elementor-column elementor-col-100 elementor-top-column elementor-element elementor-element-7b73fb90\" data-id=\"7b73fb90\" data-element_type=\"column\" data-e-type=\"column\">\n\t\t\t<div class=\"elementor-widget-wrap elementor-element-populated\">\n\t\t\t\t\t\t<div class=\"elementor-element elementor-element-7e8d24a3 elementor-widget elementor-widget-heading\" data-id=\"7e8d24a3\" data-element_type=\"widget\" data-e-type=\"widget\" data-widget_type=\"heading.default\">\n\t\t\t\t<div class=\"elementor-widget-container\">\n\t\t\t\t\t<h2 class=\"elementor-heading-title elementor-size-default\">DO YOU WANT TO WORK WITH US?<\/h2>\t\t\t\t<\/div>\n\t\t\t\t<\/div>\n\t\t\t\t<div class=\"elementor-element elementor-element-f488497 elementor-widget-divider--view-line elementor-widget elementor-widget-divider\" data-id=\"f488497\" data-element_type=\"widget\" data-e-type=\"widget\" data-widget_type=\"divider.default\">\n\t\t\t\t<div class=\"elementor-widget-container\">\n\t\t\t\t\t\t\t<div class=\"elementor-divider\">\n\t\t\t<span class=\"elementor-divider-separator\">\n\t\t\t\t\t\t<\/span>\n\t\t<\/div>\n\t\t\t\t\t\t<\/div>\n\t\t\t\t<\/div>\n\t\t\t\t<div class=\"elementor-element elementor-element-168256f5 elementor-widget elementor-widget-text-editor\" data-id=\"168256f5\" data-element_type=\"widget\" data-e-type=\"widget\" data-widget_type=\"text-editor.default\">\n\t\t\t\t<div class=\"elementor-widget-container\">\n\t\t\t\t\t\t\t\t\t<p>Whether an existing or new project &#8211; start with us now.<\/p>\n\t\t\t\t\t\t\t\t<\/div>\n\t\t\t\t<\/div>\n\t\t\t\t<section data-particle_enable=\"false\" data-particle-mobile-disabled=\"false\" class=\"elementor-section elementor-inner-section elementor-element elementor-element-24dceede elementor-section-boxed elementor-section-height-default elementor-section-height-default\" data-id=\"24dceede\" data-element_type=\"section\" data-e-type=\"section\">\n\t\t\t\t\t\t<div class=\"elementor-container elementor-column-gap-default\">\n\t\t\t\t\t<div class=\"elementor-column elementor-col-50 elementor-inner-column elementor-element elementor-element-3c1fd8a1\" data-id=\"3c1fd8a1\" data-element_type=\"column\" data-e-type=\"column\">\n\t\t\t<div class=\"elementor-widget-wrap elementor-element-populated\">\n\t\t\t\t\t\t<div class=\"elementor-element elementor-element-178c8acf elementor-align-right elementor-mobile-align-center elementor-widget elementor-widget-button\" data-id=\"178c8acf\" data-element_type=\"widget\" data-e-type=\"widget\" data-widget_type=\"button.default\">\n\t\t\t\t<div class=\"elementor-widget-container\">\n\t\t\t\t\t\t\t\t\t<div class=\"elementor-button-wrapper\">\n\t\t\t\t\t<a class=\"elementor-button elementor-button-link elementor-size-lg\" href=\"https:\/\/craftsmen.gmbh\/baumonteure-anfragen\/\">\n\t\t\t\t\t\t<span class=\"elementor-button-content-wrapper\">\n\t\t\t\t\t\t\t\t\t<span class=\"elementor-button-text\">Book staff<\/span>\n\t\t\t\t\t<\/span>\n\t\t\t\t\t<\/a>\n\t\t\t\t<\/div>\n\t\t\t\t\t\t\t\t<\/div>\n\t\t\t\t<\/div>\n\t\t\t\t\t<\/div>\n\t\t<\/div>\n\t\t\t\t<div class=\"elementor-column elementor-col-50 elementor-inner-column elementor-element elementor-element-77c50911\" data-id=\"77c50911\" data-element_type=\"column\" data-e-type=\"column\">\n\t\t\t<div class=\"elementor-widget-wrap elementor-element-populated\">\n\t\t\t\t\t\t<div class=\"elementor-element elementor-element-29ee13f0 elementor-align-left elementor-mobile-align-center elementor-widget elementor-widget-button\" data-id=\"29ee13f0\" data-element_type=\"widget\" data-e-type=\"widget\" data-widget_type=\"button.default\">\n\t\t\t\t<div class=\"elementor-widget-container\">\n\t\t\t\t\t\t\t\t\t<div class=\"elementor-button-wrapper\">\n\t\t\t\t\t<a class=\"elementor-button elementor-button-link elementor-size-lg\" href=\"https:\/\/craftsmen.gmbh\/bewerben\/\">\n\t\t\t\t\t\t<span class=\"elementor-button-content-wrapper\">\n\t\t\t\t\t\t\t\t\t<span class=\"elementor-button-text\">Apply now<\/span>\n\t\t\t\t\t<\/span>\n\t\t\t\t\t<\/a>\n\t\t\t\t<\/div>\n\t\t\t\t\t\t\t\t<\/div>\n\t\t\t\t<\/div>\n\t\t\t\t\t<\/div>\n\t\t<\/div>\n\t\t\t\t\t<\/div>\n\t\t<\/section>\n\t\t\t\t\t<\/div>\n\t\t<\/div>\n\t\t\t\t\t<\/div>\n\t\t<\/section>\n\t\t\t\t<\/div>\n\t\t\t\t<\/div>\n\t\t\t\t\t\t<\/div>\n\t\t\t\t<\/div>\n\t\t\t\t\t<\/div>\n\t\t<\/div>\n\t\t\t\t\t<\/div>\n\t\t<\/section>\n\t\t\t\t<\/div>\n\t\t","protected":false},"excerpt":{"rendered":"<p>Imprint Information according to \u00a7 5 TMG cpl craftsmen GmbHD\u00fcneberger Strasse 8321502 Geesthacht Commercial register: HRB 19077 HLRegister court: Local court L\u00fcbeck Represented by:Bj\u00f6rn Brakelmann Contact usPhone: +49 40 6077946-0E-mail: info@craftsmen.gmbh Sales tax IDSales tax identification number according to \u00a7 27 a sales tax law:DE323371908 Supervisory authorityEmployment Agency KielAdolf-Westphal-Strasse 224143 Kielhttps:\/\/www.arbeitsagentur.de\/vor-ort\/kiel\/startseite Editorially responsibleBj\u00f6rn BrakelmannD\u00fcneberger Strasse [&hellip;]<\/p>\n","protected":false},"author":4,"featured_media":0,"parent":0,"menu_order":0,"comment_status":"closed","ping_status":"closed","template":"","meta":{"footnotes":""},"class_list":["post-2113","page","type-page","status-publish","hentry"],"_links":{"self":[{"href":"https:\/\/craftsmen.gmbh\/en\/wp-json\/wp\/v2\/pages\/2113","targetHints":{"allow":["GET"]}}],"collection":[{"href":"https:\/\/craftsmen.gmbh\/en\/wp-json\/wp\/v2\/pages"}],"about":[{"href":"https:\/\/craftsmen.gmbh\/en\/wp-json\/wp\/v2\/types\/page"}],"author":[{"embeddable":true,"href":"https:\/\/craftsmen.gmbh\/en\/wp-json\/wp\/v2\/users\/4"}],"replies":[{"embeddable":true,"href":"https:\/\/craftsmen.gmbh\/en\/wp-json\/wp\/v2\/comments?post=2113"}],"version-history":[{"count":0,"href":"https:\/\/craftsmen.gmbh\/en\/wp-json\/wp\/v2\/pages\/2113\/revisions"}],"wp:attachment":[{"href":"https:\/\/craftsmen.gmbh\/en\/wp-json\/wp\/v2\/media?parent=2113"}],"curies":[{"name":"wp","href":"https:\/\/api.w.org\/{rel}","templated":true}]}}