{"id":2101,"date":"2023-03-24T07:43:31","date_gmt":"2023-03-24T06:43:31","guid":{"rendered":"https:\/\/craftsmen.gmbh\/imprimare\/"},"modified":"2024-06-20T11:25:07","modified_gmt":"2024-06-20T09:25:07","slug":"imprimare","status":"publish","type":"page","link":"https:\/\/craftsmen.gmbh\/ro\/imprimare\/","title":{"rendered":"Imprimare"},"content":{"rendered":"\t\t<div data-elementor-type=\"wp-page\" data-elementor-id=\"2101\" class=\"elementor elementor-2101 elementor-668\" data-elementor-post-type=\"page\">\n\t\t\t\t\t\t<section data-particle_enable=\"false\" data-particle-mobile-disabled=\"false\" class=\"elementor-section elementor-top-section elementor-element elementor-element-66696128 elementor-section-boxed elementor-section-height-default elementor-section-height-default\" data-id=\"66696128\" data-element_type=\"section\" data-e-type=\"section\">\n\t\t\t\t\t\t<div class=\"elementor-container elementor-column-gap-default\">\n\t\t\t\t\t<div class=\"elementor-column elementor-col-100 elementor-top-column elementor-element elementor-element-52fce461\" data-id=\"52fce461\" data-element_type=\"column\" data-e-type=\"column\">\n\t\t\t<div class=\"elementor-widget-wrap elementor-element-populated\">\n\t\t\t\t\t\t<div class=\"elementor-element elementor-element-46dec67f elementor-widget elementor-widget-heading\" data-id=\"46dec67f\" data-element_type=\"widget\" data-e-type=\"widget\" data-widget_type=\"heading.default\">\n\t\t\t\t<div class=\"elementor-widget-container\">\n\t\t\t\t\t<h1 class=\"elementor-heading-title elementor-size-default\">Imprimare<\/h1>\t\t\t\t<\/div>\n\t\t\t\t<\/div>\n\t\t\t\t<div class=\"elementor-element elementor-element-245460fb elementor-widget-divider--view-line_icon elementor-view-default elementor-widget-divider--element-align-center elementor-widget elementor-widget-divider\" data-id=\"245460fb\" data-element_type=\"widget\" data-e-type=\"widget\" data-widget_type=\"divider.default\">\n\t\t\t\t<div class=\"elementor-widget-container\">\n\t\t\t\t\t\t\t<div class=\"elementor-divider\">\n\t\t\t<span class=\"elementor-divider-separator\">\n\t\t\t\t\t\t\t<div class=\"elementor-icon elementor-divider__element\">\n\t\t\t\t\t<i aria-hidden=\"true\" class=\"fas fa-wrench\"><\/i><\/div>\n\t\t\t\t\t\t<\/span>\n\t\t<\/div>\n\t\t\t\t\t\t<\/div>\n\t\t\t\t<\/div>\n\t\t\t\t<div class=\"elementor-element elementor-element-41785d4c elementor-widget elementor-widget-text-editor\" data-id=\"41785d4c\" data-element_type=\"widget\" data-e-type=\"widget\" data-widget_type=\"text-editor.default\">\n\t\t\t\t<div class=\"elementor-widget-container\">\n\t\t\t\t\t\t\t\t\t<p>Informa\u021bii \u00een conformitate cu \u00a7 5 TMG<\/p>\n\t\t\t\t\t\t\t\t<\/div>\n\t\t\t\t<\/div>\n\t\t\t\t\t<\/div>\n\t\t<\/div>\n\t\t\t\t\t<\/div>\n\t\t<\/section>\n\t\t\t\t<section data-particle_enable=\"false\" data-particle-mobile-disabled=\"false\" class=\"elementor-section elementor-top-section elementor-element elementor-element-18ac66c elementor-section-boxed elementor-section-height-default elementor-section-height-default\" data-id=\"18ac66c\" data-element_type=\"section\" data-e-type=\"section\">\n\t\t\t\t\t\t<div class=\"elementor-container elementor-column-gap-default\">\n\t\t\t\t\t<div class=\"elementor-column elementor-col-100 elementor-top-column elementor-element elementor-element-ea54a2e\" data-id=\"ea54a2e\" data-element_type=\"column\" data-e-type=\"column\">\n\t\t\t<div class=\"elementor-widget-wrap elementor-element-populated\">\n\t\t\t\t\t\t<div class=\"elementor-element elementor-element-fbe3fe5 elementor-widget elementor-widget-text-editor\" data-id=\"fbe3fe5\" data-element_type=\"widget\" data-e-type=\"widget\" data-widget_type=\"text-editor.default\">\n\t\t\t\t<div class=\"elementor-widget-container\">\n\t\t\t\t\t\t\t\t\t<div class=\"et_pb_module et_pb_text et_pb_text_1 et_pb_text_align_left et_pb_bg_layout_light\">\n<div class=\"et_pb_text_inner\">\n<p><strong><span dir=\"ltr\" role=\"presentation\">cpl craftsmen GmbH<\/span><\/strong><br role=\"presentation\"><span dir=\"ltr\" role=\"presentation\">D\u00fcneberger Stra\u00dfe 83<\/span><br role=\"presentation\"><span dir=\"ltr\" role=\"presentation\">21502 Geesthacht<\/span><\/p>\n<p><span dir=\"ltr\" role=\"presentation\">Registrul comer\u021bului: HRB 19077 HL<\/span><br role=\"presentation\"><span dir=\"ltr\" role=\"presentation\">Instan\u021ba de \u00eenregistrare: Tribunalul local din L\u00fcbeck<\/span><\/p>\n<p><span dir=\"ltr\" role=\"presentation\">Reprezentat de:<\/span><br role=\"presentation\"><span dir=\"ltr\" role=\"presentation\">Bj\u00f6rn Brakelmann<\/span><\/p>\n<p><span dir=\"ltr\" role=\"presentation\">Contacta\u021bi-ne<\/span><br role=\"presentation\"><span dir=\"ltr\" role=\"presentation\">Telefon: +49 40 6077946-0<\/span><br role=\"presentation\"><span dir=\"ltr\" role=\"presentation\">E-mail: info@craftsmen.gmbh<\/span><\/p>\n<p><span dir=\"ltr\" role=\"presentation\">ID-ul taxei de v\u00e2nzare<\/span><br role=\"presentation\"><span dir=\"ltr\" role=\"presentation\">Num\u0103rul de identificare al taxei pe v\u00e2nz\u0103ri \u00een conformitate cu \u00a7 27 a legii privind taxa pe v\u00e2nz\u0103ri:<\/span><br role=\"presentation\"><span dir=\"ltr\" role=\"presentation\">DE323371908<\/span><\/p>\n<p><span dir=\"ltr\" role=\"presentation\">Autoritatea de supraveghere<\/span><br role=\"presentation\"><span dir=\"ltr\" role=\"presentation\">Agen\u021bia de ocupare a for\u021bei de munc\u0103 Kiel<\/span><br role=\"presentation\"><span dir=\"ltr\" role=\"presentation\">Adolf-Westphal-Strasse 2<\/span><br role=\"presentation\"><span dir=\"ltr\" role=\"presentation\">24143 Kiel<\/span><br role=\"presentation\"><span dir=\"ltr\" role=\"presentation\">https:\/\/www.arbeitsagentur.de\/vor-ort\/kiel\/startseite<\/span><\/p>\n<p><span dir=\"ltr\" role=\"presentation\">Responsabilitate editorial\u0103<\/span><br role=\"presentation\"><span dir=\"ltr\" role=\"presentation\">Bj\u00f6rn Brakelmann<\/span><br role=\"presentation\"><span dir=\"ltr\" role=\"presentation\">D\u00fcneberger Stra\u00dfe 83<\/span><br role=\"presentation\"><span dir=\"ltr\" role=\"presentation\">21502 Geesthacht<\/span><\/p>\n<p><span dir=\"ltr\" role=\"presentation\">Solu\u021bionarea litigiilor \u00een UE<\/span><br role=\"presentation\"><span dir=\"ltr\" role=\"presentation\">Comisia European\u0103 pune la dispozi\u021bie o platform\u0103 pentru solu\u021bionarea online a litigiilor (ODR): <\/span><span dir=\"ltr\" role=\"presentation\">https:\/\/ec.europa.eu\/consumers\/odr\/.<\/span><br role=\"presentation\"><span dir=\"ltr\" role=\"presentation\">Pute\u021bi g\u0103si adresa noastr\u0103 de e-mail \u00een anun\u021bul juridic de mai sus.<\/span><\/p>\n<p><span dir=\"ltr\" role=\"presentation\">Centrul de solu\u021bionare a litigiilor \u00een materie de consum\/centrul universal de arbitraj<\/span><br role=\"presentation\"><span dir=\"ltr\" role=\"presentation\">Nu suntem dispu\u0219i sau obliga\u021bi s\u0103 particip\u0103m la procedurile de solu\u021bionare a litigiilor \u00een fa\u021ba unui <\/span><span dir=\"ltr\" role=\"presentation\">comisia de arbitraj pentru consumatori.<\/span><\/p>\n<\/div>\n<\/div>\n\t\t\t\t\t\t\t\t<\/div>\n\t\t\t\t<\/div>\n\t\t\t\t\t<\/div>\n\t\t<\/div>\n\t\t\t\t\t<\/div>\n\t\t<\/section>\n\t\t\t\t<section data-particle_enable=\"false\" data-particle-mobile-disabled=\"false\" class=\"elementor-section elementor-top-section elementor-element elementor-element-2b37b7f elementor-section-boxed elementor-section-height-default elementor-section-height-default\" data-id=\"2b37b7f\" data-element_type=\"section\" data-e-type=\"section\" data-settings=\"{&quot;background_background&quot;:&quot;classic&quot;}\">\n\t\t\t\t\t\t<div class=\"elementor-container elementor-column-gap-default\">\n\t\t\t\t\t<div class=\"elementor-column elementor-col-100 elementor-top-column elementor-element elementor-element-a30b73a\" data-id=\"a30b73a\" data-element_type=\"column\" data-e-type=\"column\">\n\t\t\t<div class=\"elementor-widget-wrap elementor-element-populated\">\n\t\t\t\t\t\t<div class=\"elementor-element elementor-element-070c51e elementor-widget elementor-widget-template\" data-id=\"070c51e\" data-element_type=\"widget\" data-e-type=\"widget\" data-widget_type=\"template.default\">\n\t\t\t\t<div class=\"elementor-widget-container\">\n\t\t\t\t\t\t\t<div class=\"elementor-template\">\n\t\t\t\t\t<div data-elementor-type=\"section\" data-elementor-id=\"2456\" class=\"elementor elementor-2456 elementor-253 elementor-253\" data-elementor-post-type=\"elementor_library\">\n\t\t\t\t\t<section data-particle_enable=\"false\" data-particle-mobile-disabled=\"false\" class=\"elementor-section elementor-top-section elementor-element elementor-element-6d0351be elementor-section-boxed elementor-section-height-default elementor-section-height-default\" data-id=\"6d0351be\" data-element_type=\"section\" data-e-type=\"section\" data-settings=\"{&quot;background_background&quot;:&quot;classic&quot;}\">\n\t\t\t\t\t\t<div class=\"elementor-container elementor-column-gap-default\">\n\t\t\t\t\t<div class=\"elementor-column elementor-col-100 elementor-top-column elementor-element elementor-element-7b73fb90\" data-id=\"7b73fb90\" data-element_type=\"column\" data-e-type=\"column\">\n\t\t\t<div class=\"elementor-widget-wrap elementor-element-populated\">\n\t\t\t\t\t\t<div class=\"elementor-element elementor-element-7e8d24a3 elementor-widget elementor-widget-heading\" data-id=\"7e8d24a3\" data-element_type=\"widget\" data-e-type=\"widget\" data-widget_type=\"heading.default\">\n\t\t\t\t<div class=\"elementor-widget-container\">\n\t\t\t\t\t<h2 class=\"elementor-heading-title elementor-size-default\">VREI S\u0102 LUCREZI CU NOI?<\/h2>\t\t\t\t<\/div>\n\t\t\t\t<\/div>\n\t\t\t\t<div class=\"elementor-element elementor-element-f488497 elementor-widget-divider--view-line elementor-widget elementor-widget-divider\" data-id=\"f488497\" data-element_type=\"widget\" data-e-type=\"widget\" data-widget_type=\"divider.default\">\n\t\t\t\t<div class=\"elementor-widget-container\">\n\t\t\t\t\t\t\t<div class=\"elementor-divider\">\n\t\t\t<span class=\"elementor-divider-separator\">\n\t\t\t\t\t\t<\/span>\n\t\t<\/div>\n\t\t\t\t\t\t<\/div>\n\t\t\t\t<\/div>\n\t\t\t\t<div class=\"elementor-element elementor-element-168256f5 elementor-widget elementor-widget-text-editor\" data-id=\"168256f5\" data-element_type=\"widget\" data-e-type=\"widget\" data-widget_type=\"text-editor.default\">\n\t\t\t\t<div class=\"elementor-widget-container\">\n\t\t\t\t\t\t\t\t\t<p>Fie c\u0103 este vorba de un proiect existent sau nou &#8211; \u00eencepe\u021bi cu noi acum.<\/p>\n\t\t\t\t\t\t\t\t<\/div>\n\t\t\t\t<\/div>\n\t\t\t\t<section data-particle_enable=\"false\" data-particle-mobile-disabled=\"false\" class=\"elementor-section elementor-inner-section elementor-element elementor-element-24dceede elementor-section-boxed elementor-section-height-default elementor-section-height-default\" data-id=\"24dceede\" data-element_type=\"section\" data-e-type=\"section\">\n\t\t\t\t\t\t<div class=\"elementor-container elementor-column-gap-default\">\n\t\t\t\t\t<div class=\"elementor-column elementor-col-50 elementor-inner-column elementor-element elementor-element-3c1fd8a1\" data-id=\"3c1fd8a1\" data-element_type=\"column\" data-e-type=\"column\">\n\t\t\t<div class=\"elementor-widget-wrap elementor-element-populated\">\n\t\t\t\t\t\t<div class=\"elementor-element elementor-element-178c8acf elementor-align-right elementor-mobile-align-center elementor-widget elementor-widget-button\" data-id=\"178c8acf\" data-element_type=\"widget\" data-e-type=\"widget\" data-widget_type=\"button.default\">\n\t\t\t\t<div class=\"elementor-widget-container\">\n\t\t\t\t\t\t\t\t\t<div class=\"elementor-button-wrapper\">\n\t\t\t\t\t<a class=\"elementor-button elementor-button-link elementor-size-lg\" href=\"https:\/\/craftsmen.gmbh\/baumonteure-anfragen\/\">\n\t\t\t\t\t\t<span class=\"elementor-button-content-wrapper\">\n\t\t\t\t\t\t\t\t\t<span class=\"elementor-button-text\">Personal de carte<\/span>\n\t\t\t\t\t<\/span>\n\t\t\t\t\t<\/a>\n\t\t\t\t<\/div>\n\t\t\t\t\t\t\t\t<\/div>\n\t\t\t\t<\/div>\n\t\t\t\t\t<\/div>\n\t\t<\/div>\n\t\t\t\t<div class=\"elementor-column elementor-col-50 elementor-inner-column elementor-element elementor-element-77c50911\" data-id=\"77c50911\" data-element_type=\"column\" data-e-type=\"column\">\n\t\t\t<div class=\"elementor-widget-wrap elementor-element-populated\">\n\t\t\t\t\t\t<div class=\"elementor-element elementor-element-29ee13f0 elementor-align-left elementor-mobile-align-center elementor-widget elementor-widget-button\" data-id=\"29ee13f0\" data-element_type=\"widget\" data-e-type=\"widget\" data-widget_type=\"button.default\">\n\t\t\t\t<div class=\"elementor-widget-container\">\n\t\t\t\t\t\t\t\t\t<div class=\"elementor-button-wrapper\">\n\t\t\t\t\t<a class=\"elementor-button elementor-button-link elementor-size-lg\" href=\"https:\/\/craftsmen.gmbh\/bewerben\/\">\n\t\t\t\t\t\t<span class=\"elementor-button-content-wrapper\">\n\t\t\t\t\t\t\t\t\t<span class=\"elementor-button-text\">Aplica\u021bi acum<\/span>\n\t\t\t\t\t<\/span>\n\t\t\t\t\t<\/a>\n\t\t\t\t<\/div>\n\t\t\t\t\t\t\t\t<\/div>\n\t\t\t\t<\/div>\n\t\t\t\t\t<\/div>\n\t\t<\/div>\n\t\t\t\t\t<\/div>\n\t\t<\/section>\n\t\t\t\t\t<\/div>\n\t\t<\/div>\n\t\t\t\t\t<\/div>\n\t\t<\/section>\n\t\t\t\t<\/div>\n\t\t\t\t<\/div>\n\t\t\t\t\t\t<\/div>\n\t\t\t\t<\/div>\n\t\t\t\t\t<\/div>\n\t\t<\/div>\n\t\t\t\t\t<\/div>\n\t\t<\/section>\n\t\t\t\t<\/div>\n\t\t","protected":false},"excerpt":{"rendered":"<p>Imprimare Informa\u021bii \u00een conformitate cu \u00a7 5 TMG cpl craftsmen GmbHD\u00fcneberger Stra\u00dfe 8321502 Geesthacht Registrul comer\u021bului: HRB 19077 HLInstan\u021ba de \u00eenregistrare: Tribunalul local din L\u00fcbeck Reprezentat de:Bj\u00f6rn Brakelmann Contacta\u021bi-neTelefon: +49 40 6077946-0E-mail: info@craftsmen.gmbh ID-ul taxei de v\u00e2nzareNum\u0103rul de identificare al taxei pe v\u00e2nz\u0103ri \u00een conformitate cu \u00a7 27 a legii privind taxa pe v\u00e2nz\u0103ri:DE323371908 Autoritatea [&hellip;]<\/p>\n","protected":false},"author":4,"featured_media":0,"parent":0,"menu_order":0,"comment_status":"closed","ping_status":"closed","template":"","meta":{"footnotes":""},"class_list":["post-2101","page","type-page","status-publish","hentry"],"_links":{"self":[{"href":"https:\/\/craftsmen.gmbh\/ro\/wp-json\/wp\/v2\/pages\/2101","targetHints":{"allow":["GET"]}}],"collection":[{"href":"https:\/\/craftsmen.gmbh\/ro\/wp-json\/wp\/v2\/pages"}],"about":[{"href":"https:\/\/craftsmen.gmbh\/ro\/wp-json\/wp\/v2\/types\/page"}],"author":[{"embeddable":true,"href":"https:\/\/craftsmen.gmbh\/ro\/wp-json\/wp\/v2\/users\/4"}],"replies":[{"embeddable":true,"href":"https:\/\/craftsmen.gmbh\/ro\/wp-json\/wp\/v2\/comments?post=2101"}],"version-history":[{"count":0,"href":"https:\/\/craftsmen.gmbh\/ro\/wp-json\/wp\/v2\/pages\/2101\/revisions"}],"wp:attachment":[{"href":"https:\/\/craftsmen.gmbh\/ro\/wp-json\/wp\/v2\/media?parent=2101"}],"curies":[{"name":"wp","href":"https:\/\/api.w.org\/{rel}","templated":true}]}}